{"id":22333,"date":"2016-03-04T14:08:33","date_gmt":"2016-03-04T14:08:33","guid":{"rendered":"https:\/\/liveinholidays.com\/blogue\/"},"modified":"2024-02-06T11:17:12","modified_gmt":"2024-02-06T11:17:12","slug":"blogue","status":"publish","type":"page","link":"https:\/\/liveinholidays.com\/fr\/blogue\/","title":{"rendered":"Blogue"},"content":{"rendered":"","protected":false},"excerpt":{"rendered":"","protected":false},"author":1,"featured_media":0,"parent":0,"menu_order":0,"comment_status":"closed","ping_status":"closed","template":"blog_list.php","meta":{"om_disable_all_campaigns":false,"inline_featured_image":false,"_monsterinsights_skip_tracking":false,"_monsterinsights_sitenote_active":false,"_monsterinsights_sitenote_note":"","_monsterinsights_sitenote_category":0,"footnotes":""},"class_list":["post-22333","page","type-page","status-publish","hentry"],"aioseo_notices":[],"aioseo_head":"\n\t\t<!-- All in One SEO Pro 4.9.5.2 - aioseo.com -->\n\t<meta name=\"description\" content=\"D\u00e9couvrez et tenez-vous au courant des derni\u00e8res nouvelles sur le march\u00e9 immobilier de l&#039;Algarve.\" \/>\n\t<meta name=\"robots\" content=\"max-image-preview:large\" \/>\n\t<link rel=\"canonical\" href=\"https:\/\/liveinholidays.com\/fr\/blogue\/\" \/>\n\t<meta name=\"generator\" content=\"All in One SEO Pro (AIOSEO) 4.9.5.2\" \/>\n\t\t<meta property=\"og:locale\" content=\"fr_FR\" \/>\n\t\t<meta property=\"og:site_name\" content=\"Live In Holidays - Real Estate &amp; Property Management\" \/>\n\t\t<meta property=\"og:type\" content=\"article\" \/>\n\t\t<meta property=\"og:title\" content=\"Blogue - Live In Holidays - Magie de l&#039;algarve!\" \/>\n\t\t<meta property=\"og:description\" content=\"D\u00e9couvrez et tenez-vous au courant des derni\u00e8res nouvelles sur le march\u00e9 immobilier de l&#039;Algarve.\" \/>\n\t\t<meta property=\"og:url\" content=\"https:\/\/liveinholidays.com\/fr\/blogue\/\" \/>\n\t\t<meta property=\"og:image\" content=\"https:\/\/liveinholidays.com\/wp-content\/uploads\/2024\/02\/LOGO-LH-scaled.jpg\" \/>\n\t\t<meta property=\"og:image:secure_url\" content=\"https:\/\/liveinholidays.com\/wp-content\/uploads\/2024\/02\/LOGO-LH-scaled.jpg\" \/>\n\t\t<meta property=\"article:published_time\" content=\"2016-03-04T14:08:33+00:00\" \/>\n\t\t<meta property=\"article:modified_time\" content=\"2024-02-06T11:17:12+00:00\" \/>\n\t\t<meta property=\"article:publisher\" content=\"https:\/\/www.facebook.com\/livenholidays\" \/>\n\t\t<meta name=\"twitter:card\" content=\"summary_large_image\" \/>\n\t\t<meta name=\"twitter:title\" content=\"Blogue - Live In Holidays - Magie de l&#039;algarve!\" \/>\n\t\t<meta name=\"twitter:description\" content=\"D\u00e9couvrez et tenez-vous au courant des derni\u00e8res nouvelles sur le march\u00e9 immobilier de l&#039;Algarve.\" \/>\n\t\t<meta name=\"twitter:image\" content=\"https:\/\/liveinholidays.com\/wp-content\/uploads\/2024\/02\/LOGO-LH-scaled.jpg\" \/>\n\t\t<script type=\"application\/ld+json\" class=\"aioseo-schema\">\n\t\t\t{\"@context\":\"https:\\\/\\\/schema.org\",\"@graph\":[{\"@type\":\"BreadcrumbList\",\"@id\":\"https:\\\/\\\/liveinholidays.com\\\/fr\\\/blogue\\\/#breadcrumblist\",\"itemListElement\":[{\"@type\":\"ListItem\",\"@id\":\"https:\\\/\\\/liveinholidays.com\\\/fr\\\/#listItem\",\"position\":1,\"name\":\"Home\",\"item\":\"https:\\\/\\\/liveinholidays.com\\\/fr\\\/\",\"nextItem\":{\"@type\":\"ListItem\",\"@id\":\"https:\\\/\\\/liveinholidays.com\\\/fr\\\/blogue\\\/#listItem\",\"name\":\"Blogue\"}},{\"@type\":\"ListItem\",\"@id\":\"https:\\\/\\\/liveinholidays.com\\\/fr\\\/blogue\\\/#listItem\",\"position\":2,\"name\":\"Blogue\",\"previousItem\":{\"@type\":\"ListItem\",\"@id\":\"https:\\\/\\\/liveinholidays.com\\\/fr\\\/#listItem\",\"name\":\"Home\"}}]},{\"@type\":\"Organization\",\"@id\":\"https:\\\/\\\/liveinholidays.com\\\/fr\\\/#organization\",\"name\":\"Live In Holidays\",\"description\":\"Real Estate & Property Management\",\"url\":\"https:\\\/\\\/liveinholidays.com\\\/fr\\\/\",\"telephone\":\"+351289301886\",\"logo\":{\"@type\":\"ImageObject\",\"url\":\"https:\\\/\\\/liveinholidays.com\\\/wp-content\\\/uploads\\\/2024\\\/02\\\/LOGO-LH-scaled.jpg\",\"@id\":\"https:\\\/\\\/liveinholidays.com\\\/fr\\\/blogue\\\/#organizationLogo\",\"width\":2560,\"height\":2560},\"image\":{\"@id\":\"https:\\\/\\\/liveinholidays.com\\\/fr\\\/blogue\\\/#organizationLogo\"},\"sameAs\":[\"https:\\\/\\\/www.facebook.com\\\/livenholidays\",\"https:\\\/\\\/www.instagram.com\\\/liveinholidays\\\/\",\"https:\\\/\\\/www.tiktok.com\\\/@liveinholidays\",\"https:\\\/\\\/youtube.com\\\/@liveinholidays7274?si=Up2QwPlAl-v7YYxy\",\"https:\\\/\\\/www.linkedin.com\\\/company\\\/live-in-holidays\\\/\"]},{\"@type\":\"WebPage\",\"@id\":\"https:\\\/\\\/liveinholidays.com\\\/fr\\\/blogue\\\/#webpage\",\"url\":\"https:\\\/\\\/liveinholidays.com\\\/fr\\\/blogue\\\/\",\"name\":\"Blogue - Live In Holidays - Magie de l'algarve!\",\"description\":\"D\\u00e9couvrez et tenez-vous au courant des derni\\u00e8res nouvelles sur le march\\u00e9 immobilier de l'Algarve.\",\"inLanguage\":\"fr-FR\",\"isPartOf\":{\"@id\":\"https:\\\/\\\/liveinholidays.com\\\/fr\\\/#website\"},\"breadcrumb\":{\"@id\":\"https:\\\/\\\/liveinholidays.com\\\/fr\\\/blogue\\\/#breadcrumblist\"},\"datePublished\":\"2016-03-04T14:08:33+00:00\",\"dateModified\":\"2024-02-06T11:17:12+00:00\"},{\"@type\":\"WebSite\",\"@id\":\"https:\\\/\\\/liveinholidays.com\\\/fr\\\/#website\",\"url\":\"https:\\\/\\\/liveinholidays.com\\\/fr\\\/\",\"name\":\"Live In Holidays\",\"description\":\"Real Estate & Property Management\",\"inLanguage\":\"fr-FR\",\"publisher\":{\"@id\":\"https:\\\/\\\/liveinholidays.com\\\/fr\\\/#organization\"}}]}\n\t\t<\/script>\n\t\t<!-- All in One SEO Pro -->\r\n\t\t<title>Blogue - Live In Holidays - Magie de l'algarve!<\/title>\n\n","aioseo_head_json":{"title":"Blogue - Live In Holidays - Magie de l'algarve!","description":"D\u00e9couvrez et tenez-vous au courant des derni\u00e8res nouvelles sur le march\u00e9 immobilier de l'Algarve.","canonical_url":"https:\/\/liveinholidays.com\/fr\/blogue\/","robots":"max-image-preview:large","keywords":"","webmasterTools":{"miscellaneous":""},"schema":{"@context":"https:\/\/schema.org","@graph":[{"@type":"BreadcrumbList","@id":"https:\/\/liveinholidays.com\/fr\/blogue\/#breadcrumblist","itemListElement":[{"@type":"ListItem","@id":"https:\/\/liveinholidays.com\/fr\/#listItem","position":1,"name":"Home","item":"https:\/\/liveinholidays.com\/fr\/","nextItem":{"@type":"ListItem","@id":"https:\/\/liveinholidays.com\/fr\/blogue\/#listItem","name":"Blogue"}},{"@type":"ListItem","@id":"https:\/\/liveinholidays.com\/fr\/blogue\/#listItem","position":2,"name":"Blogue","previousItem":{"@type":"ListItem","@id":"https:\/\/liveinholidays.com\/fr\/#listItem","name":"Home"}}]},{"@type":"Organization","@id":"https:\/\/liveinholidays.com\/fr\/#organization","name":"Live In Holidays","description":"Real Estate & Property Management","url":"https:\/\/liveinholidays.com\/fr\/","telephone":"+351289301886","logo":{"@type":"ImageObject","url":"https:\/\/liveinholidays.com\/wp-content\/uploads\/2024\/02\/LOGO-LH-scaled.jpg","@id":"https:\/\/liveinholidays.com\/fr\/blogue\/#organizationLogo","width":2560,"height":2560},"image":{"@id":"https:\/\/liveinholidays.com\/fr\/blogue\/#organizationLogo"},"sameAs":["https:\/\/www.facebook.com\/livenholidays","https:\/\/www.instagram.com\/liveinholidays\/","https:\/\/www.tiktok.com\/@liveinholidays","https:\/\/youtube.com\/@liveinholidays7274?si=Up2QwPlAl-v7YYxy","https:\/\/www.linkedin.com\/company\/live-in-holidays\/"]},{"@type":"WebPage","@id":"https:\/\/liveinholidays.com\/fr\/blogue\/#webpage","url":"https:\/\/liveinholidays.com\/fr\/blogue\/","name":"Blogue - Live In Holidays - Magie de l'algarve!","description":"D\u00e9couvrez et tenez-vous au courant des derni\u00e8res nouvelles sur le march\u00e9 immobilier de l'Algarve.","inLanguage":"fr-FR","isPartOf":{"@id":"https:\/\/liveinholidays.com\/fr\/#website"},"breadcrumb":{"@id":"https:\/\/liveinholidays.com\/fr\/blogue\/#breadcrumblist"},"datePublished":"2016-03-04T14:08:33+00:00","dateModified":"2024-02-06T11:17:12+00:00"},{"@type":"WebSite","@id":"https:\/\/liveinholidays.com\/fr\/#website","url":"https:\/\/liveinholidays.com\/fr\/","name":"Live In Holidays","description":"Real Estate & Property Management","inLanguage":"fr-FR","publisher":{"@id":"https:\/\/liveinholidays.com\/fr\/#organization"}}]},"og:locale":"fr_FR","og:site_name":"Live In Holidays - Real Estate &amp; Property Management","og:type":"article","og:title":"Blogue - Live In Holidays - Magie de l'algarve!","og:description":"D\u00e9couvrez et tenez-vous au courant des derni\u00e8res nouvelles sur le march\u00e9 immobilier de l'Algarve.","og:url":"https:\/\/liveinholidays.com\/fr\/blogue\/","og:image":"https:\/\/liveinholidays.com\/wp-content\/uploads\/2024\/02\/LOGO-LH-scaled.jpg","og:image:secure_url":"https:\/\/liveinholidays.com\/wp-content\/uploads\/2024\/02\/LOGO-LH-scaled.jpg","article:published_time":"2016-03-04T14:08:33+00:00","article:modified_time":"2024-02-06T11:17:12+00:00","article:publisher":"https:\/\/www.facebook.com\/livenholidays","twitter:card":"summary_large_image","twitter:title":"Blogue - Live In Holidays - Magie de l'algarve!","twitter:description":"D\u00e9couvrez et tenez-vous au courant des derni\u00e8res nouvelles sur le march\u00e9 immobilier de l'Algarve.","twitter:image":"https:\/\/liveinholidays.com\/wp-content\/uploads\/2024\/02\/LOGO-LH-scaled.jpg"},"aioseo_meta_data":{"post_id":"22333","title":"#post_title #separator_sa #site_title #separator_sa Magie de l'algarve!","description":"D\u00e9couvrez et tenez-vous au courant des derni\u00e8res nouvelles sur le march\u00e9 immobilier de l'Algarve.","keywords":[],"keyphrases":{"focus":{"keyphrase":"Blogue","score":76,"analysis":{"keyphraseInTitle":{"score":9,"maxScore":9,"error":0},"keyphraseInDescription":{"score":3,"maxScore":9,"error":1},"keyphraseLength":{"score":9,"maxScore":9,"error":0,"length":1},"keyphraseInURL":{"score":5,"maxScore":5,"error":0},"keyphraseInIntroduction":{"score":3,"maxScore":9,"error":1},"keyphraseInSubHeadings":[],"keyphraseInImageAlt":[],"keywordDensity":{"type":"best","score":9,"maxScore":9,"error":0}}},"additional":[]},"primary_term":null,"canonical_url":null,"og_title":null,"og_description":null,"og_object_type":"default","og_image_type":"default","og_image_url":null,"og_image_width":null,"og_image_height":null,"og_image_custom_url":null,"og_image_custom_fields":null,"og_video":"","og_custom_url":null,"og_article_section":null,"og_article_tags":[],"twitter_use_og":false,"twitter_card":"default","twitter_image_type":"default","twitter_image_url":null,"twitter_image_custom_url":null,"twitter_image_custom_fields":null,"twitter_title":null,"twitter_description":null,"schema":{"blockGraphs":[],"customGraphs":[],"default":{"data":{"Article":[],"Course":[],"Dataset":[],"FAQPage":[],"Movie":[],"Person":[],"Product":[],"ProductReview":[],"Car":[],"Recipe":[],"Service":[],"SoftwareApplication":[],"WebPage":[]},"graphName":"WebPage","isEnabled":true},"graphs":[]},"schema_type":"default","schema_type_options":null,"pillar_content":false,"robots_default":true,"robots_noindex":false,"robots_noarchive":false,"robots_nosnippet":false,"robots_nofollow":false,"robots_noimageindex":false,"robots_noodp":false,"robots_notranslate":false,"robots_max_snippet":"-1","robots_max_videopreview":"-1","robots_max_imagepreview":"large","priority":null,"frequency":"default","local_seo":null,"seo_analyzer_scan_date":"2025-08-17 17:01:24","breadcrumb_settings":null,"limit_modified_date":false,"reviewed_by":null,"open_ai":null,"ai":null,"created":"2024-01-03 11:40:33","updated":"2025-08-17 17:01:24"},"aioseo_breadcrumb":"<div class=\"aioseo-breadcrumbs\"><span class=\"aioseo-breadcrumb\">\n\t<a href=\"https:\/\/liveinholidays.com\/fr\/\" title=\"Home\">Home<\/a>\n<\/span><span class=\"aioseo-breadcrumb-separator\">&raquo;<\/span><span class=\"aioseo-breadcrumb\">\n\tBlogue\n<\/span><\/div>","aioseo_breadcrumb_json":[{"label":"Home","link":"https:\/\/liveinholidays.com\/fr\/"},{"label":"Blogue","link":"https:\/\/liveinholidays.com\/fr\/blogue\/"}],"_links":{"self":[{"href":"https:\/\/liveinholidays.com\/fr\/wp-json\/wp\/v2\/pages\/22333","targetHints":{"allow":["GET"]}}],"collection":[{"href":"https:\/\/liveinholidays.com\/fr\/wp-json\/wp\/v2\/pages"}],"about":[{"href":"https:\/\/liveinholidays.com\/fr\/wp-json\/wp\/v2\/types\/page"}],"author":[{"embeddable":true,"href":"https:\/\/liveinholidays.com\/fr\/wp-json\/wp\/v2\/users\/1"}],"replies":[{"embeddable":true,"href":"https:\/\/liveinholidays.com\/fr\/wp-json\/wp\/v2\/comments?post=22333"}],"version-history":[{"count":1,"href":"https:\/\/liveinholidays.com\/fr\/wp-json\/wp\/v2\/pages\/22333\/revisions"}],"predecessor-version":[{"id":22334,"href":"https:\/\/liveinholidays.com\/fr\/wp-json\/wp\/v2\/pages\/22333\/revisions\/22334"}],"wp:attachment":[{"href":"https:\/\/liveinholidays.com\/fr\/wp-json\/wp\/v2\/media?parent=22333"}],"curies":[{"name":"wp","href":"https:\/\/api.w.org\/{rel}","templated":true}]}}